{"id":15986,"date":"2019-02-25T09:46:26","date_gmt":"2019-02-25T08:46:26","guid":{"rendered":"https:\/\/pole-hippolia.org\/\/presentation-du-reseau\/"},"modified":"2019-04-09T10:06:42","modified_gmt":"2019-04-09T08:06:42","slug":"about-the-network","status":"publish","type":"page","link":"https:\/\/pole-hippolia.org\/en\/about-the-network\/","title":{"rendered":"About the Network"},"content":{"rendered":"","protected":false},"excerpt":{"rendered":"","protected":false},"author":1,"featured_media":0,"parent":0,"menu_order":19,"comment_status":"closed","ping_status":"closed","template":"page-templates\/tpl-page-editoriale.php","meta":{"_acf_changed":false,"footnotes":""},"class_list":["post-15986","page","type-page","status-publish","hentry"],"acf":[],"yoast_head":"<!-- This site is optimized with the Yoast SEO plugin v27.3 - https:\/\/yoast.com\/product\/yoast-seo-wordpress\/ -->\n<title>About the Network - P\u00f4le Hippolia<\/title>\n<meta name=\"description\" content=\"Le P\u00f4le Hippolia est le r\u00e9seau national des acteurs innovants de la fili\u00e8re \u00e9quine fran\u00e7aise. Il regroupe un r\u00e9seau de plus de 200 membres sur l\u2019ensemble du territoire fran\u00e7ais.\" \/>\n<meta name=\"robots\" content=\"index, follow, max-snippet:-1, max-image-preview:large, max-video-preview:-1\" \/>\n<link rel=\"canonical\" href=\"https:\/\/pole-hippolia.org\/en\/about-the-network\/\" \/>\n<meta property=\"og:locale\" content=\"en_US\" \/>\n<meta property=\"og:type\" content=\"article\" \/>\n<meta property=\"og:title\" content=\"About the Network - P\u00f4le Hippolia\" \/>\n<meta property=\"og:description\" content=\"Le P\u00f4le Hippolia est le r\u00e9seau national des acteurs innovants de la fili\u00e8re \u00e9quine fran\u00e7aise. Il regroupe un r\u00e9seau de plus de 200 membres sur l\u2019ensemble du territoire fran\u00e7ais.\" \/>\n<meta property=\"og:url\" content=\"https:\/\/pole-hippolia.org\/en\/about-the-network\/\" \/>\n<meta property=\"og:site_name\" content=\"P\u00f4le Hippolia\" \/>\n<meta property=\"article:publisher\" content=\"https:\/\/www.facebook.com\/polehippolia\/?locale=fr_FR\" \/>\n<meta property=\"article:modified_time\" content=\"2019-04-09T08:06:42+00:00\" \/>\n<meta name=\"twitter:card\" content=\"summary_large_image\" \/>\n<script type=\"application\/ld+json\" class=\"yoast-schema-graph\">{\"@context\":\"https:\\\/\\\/schema.org\",\"@graph\":[{\"@type\":\"WebPage\",\"@id\":\"https:\\\/\\\/pole-hippolia.org\\\/en\\\/about-the-network\\\/\",\"url\":\"https:\\\/\\\/pole-hippolia.org\\\/en\\\/about-the-network\\\/\",\"name\":\"About the Network - P\u00f4le Hippolia\",\"isPartOf\":{\"@id\":\"https:\\\/\\\/pole-hippolia.org\\\/#website\"},\"datePublished\":\"2019-02-25T08:46:26+00:00\",\"dateModified\":\"2019-04-09T08:06:42+00:00\",\"description\":\"Le P\u00f4le Hippolia est le r\u00e9seau national des acteurs innovants de la fili\u00e8re \u00e9quine fran\u00e7aise. Il regroupe un r\u00e9seau de plus de 200 membres sur l\u2019ensemble du territoire fran\u00e7ais.\",\"breadcrumb\":{\"@id\":\"https:\\\/\\\/pole-hippolia.org\\\/en\\\/about-the-network\\\/#breadcrumb\"},\"inLanguage\":\"en-US\",\"potentialAction\":[{\"@type\":\"ReadAction\",\"target\":[\"https:\\\/\\\/pole-hippolia.org\\\/en\\\/about-the-network\\\/\"]}]},{\"@type\":\"BreadcrumbList\",\"@id\":\"https:\\\/\\\/pole-hippolia.org\\\/en\\\/about-the-network\\\/#breadcrumb\",\"itemListElement\":[{\"@type\":\"ListItem\",\"position\":1,\"name\":\"Accueil\",\"item\":\"https:\\\/\\\/pole-hippolia.org\\\/en\\\/\"},{\"@type\":\"ListItem\",\"position\":2,\"name\":\"Our Members\"},{\"@type\":\"ListItem\",\"position\":3,\"name\":\"About the Network\"}]},{\"@type\":\"WebSite\",\"@id\":\"https:\\\/\\\/pole-hippolia.org\\\/#website\",\"url\":\"https:\\\/\\\/pole-hippolia.org\\\/\",\"name\":\"P\u00f4le Hippolia\",\"description\":\"R\u00e9seau Innovation Croissance\",\"potentialAction\":[{\"@type\":\"SearchAction\",\"target\":{\"@type\":\"EntryPoint\",\"urlTemplate\":\"https:\\\/\\\/pole-hippolia.org\\\/?s={search_term_string}\"},\"query-input\":{\"@type\":\"PropertyValueSpecification\",\"valueRequired\":true,\"valueName\":\"search_term_string\"}}],\"inLanguage\":\"en-US\"}]}<\/script>\n<!-- \/ Yoast SEO plugin. -->","yoast_head_json":{"title":"About the Network - P\u00f4le Hippolia","description":"Le P\u00f4le Hippolia est le r\u00e9seau national des acteurs innovants de la fili\u00e8re \u00e9quine fran\u00e7aise. Il regroupe un r\u00e9seau de plus de 200 membres sur l\u2019ensemble du territoire fran\u00e7ais.","robots":{"index":"index","follow":"follow","max-snippet":"max-snippet:-1","max-image-preview":"max-image-preview:large","max-video-preview":"max-video-preview:-1"},"canonical":"https:\/\/pole-hippolia.org\/en\/about-the-network\/","og_locale":"en_US","og_type":"article","og_title":"About the Network - P\u00f4le Hippolia","og_description":"Le P\u00f4le Hippolia est le r\u00e9seau national des acteurs innovants de la fili\u00e8re \u00e9quine fran\u00e7aise. Il regroupe un r\u00e9seau de plus de 200 membres sur l\u2019ensemble du territoire fran\u00e7ais.","og_url":"https:\/\/pole-hippolia.org\/en\/about-the-network\/","og_site_name":"P\u00f4le Hippolia","article_publisher":"https:\/\/www.facebook.com\/polehippolia\/?locale=fr_FR","article_modified_time":"2019-04-09T08:06:42+00:00","twitter_card":"summary_large_image","schema":{"@context":"https:\/\/schema.org","@graph":[{"@type":"WebPage","@id":"https:\/\/pole-hippolia.org\/en\/about-the-network\/","url":"https:\/\/pole-hippolia.org\/en\/about-the-network\/","name":"About the Network - P\u00f4le Hippolia","isPartOf":{"@id":"https:\/\/pole-hippolia.org\/#website"},"datePublished":"2019-02-25T08:46:26+00:00","dateModified":"2019-04-09T08:06:42+00:00","description":"Le P\u00f4le Hippolia est le r\u00e9seau national des acteurs innovants de la fili\u00e8re \u00e9quine fran\u00e7aise. Il regroupe un r\u00e9seau de plus de 200 membres sur l\u2019ensemble du territoire fran\u00e7ais.","breadcrumb":{"@id":"https:\/\/pole-hippolia.org\/en\/about-the-network\/#breadcrumb"},"inLanguage":"en-US","potentialAction":[{"@type":"ReadAction","target":["https:\/\/pole-hippolia.org\/en\/about-the-network\/"]}]},{"@type":"BreadcrumbList","@id":"https:\/\/pole-hippolia.org\/en\/about-the-network\/#breadcrumb","itemListElement":[{"@type":"ListItem","position":1,"name":"Accueil","item":"https:\/\/pole-hippolia.org\/en\/"},{"@type":"ListItem","position":2,"name":"Our Members"},{"@type":"ListItem","position":3,"name":"About the Network"}]},{"@type":"WebSite","@id":"https:\/\/pole-hippolia.org\/#website","url":"https:\/\/pole-hippolia.org\/","name":"P\u00f4le Hippolia","description":"R\u00e9seau Innovation Croissance","potentialAction":[{"@type":"SearchAction","target":{"@type":"EntryPoint","urlTemplate":"https:\/\/pole-hippolia.org\/?s={search_term_string}"},"query-input":{"@type":"PropertyValueSpecification","valueRequired":true,"valueName":"search_term_string"}}],"inLanguage":"en-US"}]}},"_links":{"self":[{"href":"https:\/\/pole-hippolia.org\/en\/wp-json\/wp\/v2\/pages\/15986","targetHints":{"allow":["GET"]}}],"collection":[{"href":"https:\/\/pole-hippolia.org\/en\/wp-json\/wp\/v2\/pages"}],"about":[{"href":"https:\/\/pole-hippolia.org\/en\/wp-json\/wp\/v2\/types\/page"}],"author":[{"embeddable":true,"href":"https:\/\/pole-hippolia.org\/en\/wp-json\/wp\/v2\/users\/1"}],"replies":[{"embeddable":true,"href":"https:\/\/pole-hippolia.org\/en\/wp-json\/wp\/v2\/comments?post=15986"}],"version-history":[{"count":0,"href":"https:\/\/pole-hippolia.org\/en\/wp-json\/wp\/v2\/pages\/15986\/revisions"}],"wp:attachment":[{"href":"https:\/\/pole-hippolia.org\/en\/wp-json\/wp\/v2\/media?parent=15986"}],"curies":[{"name":"wp","href":"https:\/\/api.w.org\/{rel}","templated":true}]}}